{"id":2474,"date":"2025-11-27T09:15:20","date_gmt":"2025-11-27T08:15:20","guid":{"rendered":"https:\/\/www.str2.rw.fau.de\/?page_id=2474"},"modified":"2025-11-27T09:15:22","modified_gmt":"2025-11-27T08:15:22","slug":"zur-person","status":"publish","type":"page","link":"https:\/\/www.str2.rw.fau.de\/en\/honorarprofessor-2\/zur-person\/","title":{"rendered":"About Person"},"content":{"rendered":"\n<h3 class=\"wp-block-heading\" id=\"zweitens\"><span style=\"font-family: helvetica, arial, sans-serif\"><figure><img loading=\"lazy\" decoding=\"async\" class=\"size-medium wp-image-876 alignright\" src=\"https:\/\/www.str2.rw.fau.de\/files\/2019\/02\/adrian-300x200.jpg\" alt=\"\" srcset=\"https:\/\/www.str2.rw.fau.de\/files\/2019\/02\/adrian-300x200.jpg 300w, https:\/\/www.str2.rw.fau.de\/files\/2019\/02\/adrian-225x150.jpg 225w, https:\/\/www.str2.rw.fau.de\/files\/2019\/02\/adrian-220x147.jpg 220w, https:\/\/www.str2.rw.fau.de\/files\/2019\/02\/adrian-165x110.jpg 165w, https:\/\/www.str2.rw.fau.de\/files\/2019\/02\/adrian-140x93.jpg 140w, https:\/\/www.str2.rw.fau.de\/files\/2019\/02\/adrian-120x80.jpg 120w, https:\/\/www.str2.rw.fau.de\/files\/2019\/02\/adrian-145x97.jpg 145w, https:\/\/www.str2.rw.fau.de\/files\/2019\/02\/adrian.jpg 599w\" \/><\/figure><span style=\"font-family: helvetica, arial, sans-serif\">Person and career<\/span><\/span><\/h3>\n\n\n\n<ul class=\"wp-block-list\">\n<li><span style=\"font-family: helvetica, arial, sans-serif\"><span style=\"font-family: helvetica, arial, sans-serif\">1969 Birth in F\u00fcrth<\/span><\/span><\/li>\n\n\n\n<li><span style=\"font-family: helvetica, arial, sans-serif\"><span style=\"font-family: helvetica, arial, sans-serif\">1975 Enrolled in school in San Diego, Cal.\/USA<\/span><\/span><\/li>\n\n\n\n<li><span style=\"font-family: helvetica, arial, sans-serif\"><span style=\"font-family: helvetica, arial, sans-serif\">1989 High school diploma at Hardenberg-Gymnasium in F\u00fcrth<\/span><\/span><\/li>\n\n\n\n<li><span style=\"font-family: helvetica, arial, sans-serif\"><span style=\"font-family: helvetica, arial, sans-serif\">1989 to 1994 Study of law at the FAU<\/span><\/span><\/li>\n\n\n\n<li><span style=\"font-family: helvetica, arial, sans-serif\"><span style=\"font-family: helvetica, arial, sans-serif\">1994 to 1996 Legal internship in N\u00fcrnberg and Ansbach<\/span><\/span><\/li>\n\n\n\n<li><span style=\"font-family: helvetica, arial, sans-serif\"><span style=\"font-family: helvetica, arial, sans-serif\">1996 to 1997 Lawyer in the central legal department of Siemens AG<\/span><\/span><\/li>\n\n\n\n<li><span style=\"font-family: helvetica, arial, sans-serif\"><span style=\"font-family: helvetica, arial, sans-serif\">1997 to 2000 Notary public in Feuchtwangen and F\u00fcrth<\/span><\/span><\/li>\n\n\n\n<li><span style=\"font-family: helvetica, arial, sans-serif\"><span style=\"font-family: helvetica, arial, sans-serif\">2000 to 2006 Notary in Naila<\/span><\/span><\/li>\n\n\n\n<li><span style=\"font-family: helvetica, arial, sans-serif\"><span style=\"font-family: helvetica, arial, sans-serif\">Since 01.04.2006 Notary in Nuremberg<\/span><\/span><\/li>\n\n\n\n<li><span style=\"font-family: helvetica, arial, sans-serif\"><span style=\"font-family: helvetica, arial, sans-serif\">Since 2019 Honorary Professor at the University of Erlangen-N\u00fcrnberg<\/span><\/span><\/li>\n\n\n\n<li><span style=\"font-family: helvetica, arial, sans-serif\"><span style=\"font-family: helvetica, arial, sans-serif\">Mediator in commercial and industrial arbitration proceedings<br><\/span><\/span><\/li>\n<\/ul>\n\n\n\n<p><span style=\"font-family: helvetica, arial, sans-serif\"><a title=\"Link zur Homepage des Notariats\" href=\"https:\/\/www.notare-adrian-kroier.de\" target=\"_blank\" rel=\"noopener noreferrer\"><span style=\"font-family: helvetica, arial, sans-serif\"><a title=\"Homepage of the notary's office\" href=\"https:\/\/www.notare-adrian-kroier.de\" target=\"_blank\" rel=\"noopener noreferrer\">Homepage of the notary&#8217;s office<\/a><\/span><\/a><\/span><\/p>\n\n\n\n<h3 class=\"wp-block-heading\" id=\"drittens\"><span style=\"font-family: helvetica, arial, sans-serif\"><span style=\"font-family: helvetica, arial, sans-serif\">Authorization to teach<\/span><\/span><\/h3>\n\n\n\n<ul class=\"wp-block-list\">\n<li><span style=\"font-family: helvetica, arial, sans-serif\"><span style=\"font-family: helvetica, arial, sans-serif\">Legal theory and legal design<\/span><\/span><\/li>\n<\/ul>\n\n\n\n<h3 class=\"wp-block-heading\" id=\"viertens\"><span style=\"font-family: helvetica, arial, sans-serif\"><span style=\"font-family: helvetica, arial, sans-serif\">Scientific focus<\/span><\/span><\/h3>\n\n\n\n<ul class=\"wp-block-list\">\n<li><span style=\"font-family: helvetica, arial, sans-serif\"><span style=\"font-family: helvetica, arial, sans-serif\">Philosophy of science, theory of law, legal methodology, philosophy of law<\/span><\/span><\/li>\n\n\n\n<li><span style=\"font-family: helvetica, arial, sans-serif\"><span style=\"font-family: helvetica, arial, sans-serif\">Legal-Tech, especially interdisciplinary questions of law and structural or computer science (logic, mathematics, computer science)<\/span><\/span><\/li>\n\n\n\n<li><span style=\"font-family: helvetica, arial, sans-serif\"><span style=\"font-family: helvetica, arial, sans-serif\">Constitutional law, electoral law, demography<\/span><\/span><\/li>\n\n\n\n<li><span style=\"font-family: helvetica, arial, sans-serif\"><span style=\"font-family: helvetica, arial, sans-serif\">Civil law<\/span><\/span><\/li>\n<\/ul>\n\n\n\n<h3 class=\"wp-block-heading\"><span style=\"font-family: helvetica, arial, sans-serif\"><span style=\"font-family: helvetica, arial, sans-serif\">Previous teaching activities<\/span><\/span><\/h3>\n\n\n\n<ul class=\"wp-block-list\">\n<li><span style=\"font-family: helvetica, arial, sans-serif\"><span style=\"font-family: helvetica, arial, sans-serif\">Propaedeutic exercises in civil law.<\/span><\/span><\/li>\n\n\n\n<li><span style=\"font-family: helvetica, arial, sans-serif\"><span style=\"font-family: helvetica, arial, sans-serif\">Proseminars on the technique of exam preparation, on legal methodology, on the theory of science and on computer science (legal tech, legal theory and legal practice).<\/span><\/span><\/li>\n\n\n\n<li><span style=\"font-family: helvetica, arial, sans-serif\"><span style=\"font-family: helvetica, arial, sans-serif\">Seminar on the topic: Will the automatic judge soon be the judge? Interdisciplinary perspectives on &#8220;Legal-Tech&#8221; with Mr. Cevc, Prof. Evert, FAU, Dr. Flessner, Prof. Hofmann, Prof. Kohlhase, FAU, Prof. Mayr, Dr. Merdes and Prof. N\u00f6th, FAU.<\/span><\/span><\/li>\n\n\n\n<li><span style=\"font-family: helvetica, arial, sans-serif\">Lectures on corporate law<\/span>\u00a0<span style=\"font-family: helvetica, arial, sans-serif\">(with simulated notarization procedures).<\/span><\/li>\n\n\n\n<li><span style=\"font-family: helvetica, arial, sans-serif\">Lectures on legal-tech and on questions of artificial intelligence and legal decision-making, as well as on the question of how legal-tech will change our everyday professional life.<\/span>\u00a0<span style=\"font-family: helvetica, arial, sans-serif\">(with various guest speakers e.g. from Siemens, IBM, DATEV, State Tax Office, Autonomous Intelligent Driving, the High Performance Computing Center Stuttgart and from the legal profession, etc.).<\/span><\/li>\n<\/ul>\n\n\n\n<h3 class=\"wp-block-heading\"><span style=\"font-family: helvetica, arial, sans-serif\">Forschungsvorhaben\/-interessen<\/span><\/h3>\n\n\n\n<ul class=\"wp-block-list\">\n<li><span style=\"font-family: helvetica, arial, sans-serif\"><span style=\"font-family: helvetica, arial, sans-serif\">Anonymization and pseudonymization of court decisions (with Prof. Evert, FAU)<\/span><\/span><\/li>\n\n\n\n<li><span style=\"font-family: helvetica, arial, sans-serif\"><span style=\"font-family: helvetica, arial, sans-serif\">Development of a dialog bot for answering compliance queries (with RA Martin Kurtze, RAin Anabel Adrian, Aurelius Adrian)<\/span><\/span><\/li>\n\n\n\n<li><span style=\"font-family: helvetica, arial, sans-serif\"><span style=\"font-family: helvetica, arial, sans-serif\">Development of a contract creation assistant for certain types of contracts (with Aurelius Adrian)<\/span><\/span><\/li>\n\n\n\n<li><span style=\"font-family: helvetica, arial, sans-serif\"><span style=\"font-family: helvetica, arial, sans-serif\">Examination of contract clauses on BGH corpus (with Prof. Evert, FAU)<\/span><\/span><\/li>\n\n\n\n<li><span style=\"font-family: helvetica, arial, sans-serif\"><span style=\"font-family: helvetica, arial, sans-serif\">Digitization of law enforcement for shoplifters (Prof. Kudlich, Prof. Noeth, both FAU)<\/span><\/span><\/li>\n\n\n\n<li><span style=\"font-family: helvetica, arial, sans-serif\"><span style=\"font-family: helvetica, arial, sans-serif\">Formalization of legal knowledge and legal reasoning and argumentation, and machine reasoning (Prof. Kohlhase, Max Rapp both FAU)<\/span><\/span><\/li>\n\n\n\n<li><span style=\"font-family: helvetica, arial, sans-serif\"><span style=\"font-family: helvetica, arial, sans-serif\"><span style=\"font-family: helvetica, arial, sans-serif\"><span style=\"font-family: helvetica, arial, sans-serif\">Formal Argumentation Theory (with Prof. Steen, Geifswald University)<\/span><\/span><\/span><\/span><\/li>\n\n\n\n<li><span style=\"font-family: helvetica, arial, sans-serif\"><span style=\"font-family: helvetica, arial, sans-serif\"><span style=\"font-family: helvetica, arial, sans-serif\"><span style=\"font-family: helvetica, arial, sans-serif\"><span style=\"font-family: helvetica, arial, sans-serif\"><span style=\"font-family: helvetica, arial, sans-serif\">Argumentation mining in legal reasoning (Prof. Kohlhase, FAU)<\/span><\/span><\/span><\/span><\/span><\/span><\/li>\n\n\n\n<li><span style=\"font-family: helvetica, arial, sans-serif\"><span style=\"font-family: helvetica, arial, sans-serif\">Ontologies and Legal Reasoning ( with Dr. Cheptsov, HLRS &#8211; High Performance Computing Center Stuttgart- and Sch\u00f6nhof, IZS -Frauenhofer Institut Stuttgart-)<\/span><\/span><\/li>\n\n\n\n<li><span style=\"font-family: helvetica, arial, sans-serif\"><span style=\"font-family: helvetica, arial, sans-serif\">Legal and Technical Possibilities of Internet Arbitration Courts in Germany &#8211; Comparison with the &#8220;Internet Court&#8221; in Hangzhou\/China (with Prof. Gesk, University of Osnabr\u00fcck)<\/span><\/span><\/li>\n\n\n\n<li><span style=\"font-family: helvetica, arial, sans-serif\"><span style=\"font-family: helvetica, arial, sans-serif\">Monograph: Basic Elements of Consequential Thinking (so far only working title, currently only in preparation)<\/span><\/span><\/li>\n\n\n\n<li><span style=\"font-family: helvetica, arial, sans-serif\"><span style=\"font-family: helvetica, arial, sans-serif\">Textbook: BGB der Suppenw\u00fcrfel &#8211; Alles was ich im B\u00fcrgerliche Recht f\u00fcr das Examen wissen muss (so far only working title, currently only in preparation)<\/span><\/span><\/li>\n<\/ul>\n\n\n\n<p>&nbsp;<\/p>\n\n\n\n<h3 class=\"wp-block-heading\"><span style=\"font-family: helvetica, arial, sans-serif\"><span style=\"font-family: helvetica, arial, sans-serif\">Other<\/span><\/span><\/h3>\n\n\n\n<ul class=\"wp-block-list\">\n<li><span style=\"font-family: helvetica, arial, sans-serif\"><span style=\"font-family: helvetica, arial, sans-serif\">Examiner in the oral first state exam for civil law and for the bachelor program.<\/span><\/span><\/li>\n\n\n\n<li><span style=\"font-family: helvetica, arial, sans-serif\"><span style=\"font-family: helvetica, arial, sans-serif\">Member of the board of the Digital Tech Academy of FAU.<\/span><\/span><\/li>\n\n\n\n<li><span style=\"font-family: helvetica, arial, sans-serif\"><span style=\"font-family: helvetica, arial, sans-serif\">Member of the Board of the KI-Park at FAU on Legal-Tech (Further information at: https:\/\/www.legal-ai.rw.fau.de).<\/span><\/span><\/li>\n<\/ul>\n","protected":false},"excerpt":{"rendered":"<p>Person and career Homepage of the notary&#8217;s office Authorization to teach Scientific focus Previous teaching activities Forschungsvorhaben\/-interessen &nbsp; Other<\/p>\n","protected":false},"author":3605,"featured_media":0,"parent":2471,"menu_order":1,"comment_status":"closed","ping_status":"closed","template":"page-templates\/page-subnav.php","meta":{"_rrze_cache":"enabled","_rrze_multilang_single_locale":"en_US","_rrze_multilang_single_source":"https:\/\/www.str2.rw.fau.de\/?page_id=1904","footnotes":""},"page_category":[56],"page_tag":[],"workflow_usergroup":[],"class_list":["post-2474","page","type-page","status-publish","hentry","page_category-general","en-US"],"_links":{"self":[{"href":"https:\/\/www.str2.rw.fau.de\/wp-json\/wp\/v2\/pages\/2474","targetHints":{"allow":["GET"]}}],"collection":[{"href":"https:\/\/www.str2.rw.fau.de\/wp-json\/wp\/v2\/pages"}],"about":[{"href":"https:\/\/www.str2.rw.fau.de\/wp-json\/wp\/v2\/types\/page"}],"author":[{"embeddable":true,"href":"https:\/\/www.str2.rw.fau.de\/wp-json\/wp\/v2\/users\/3605"}],"replies":[{"embeddable":true,"href":"https:\/\/www.str2.rw.fau.de\/wp-json\/wp\/v2\/comments?post=2474"}],"version-history":[{"count":1,"href":"https:\/\/www.str2.rw.fau.de\/wp-json\/wp\/v2\/pages\/2474\/revisions"}],"predecessor-version":[{"id":2475,"href":"https:\/\/www.str2.rw.fau.de\/wp-json\/wp\/v2\/pages\/2474\/revisions\/2475"}],"up":[{"embeddable":true,"href":"https:\/\/www.str2.rw.fau.de\/wp-json\/wp\/v2\/pages\/2471"}],"wp:attachment":[{"href":"https:\/\/www.str2.rw.fau.de\/wp-json\/wp\/v2\/media?parent=2474"}],"wp:term":[{"taxonomy":"page_category","embeddable":true,"href":"https:\/\/www.str2.rw.fau.de\/wp-json\/wp\/v2\/page_category?post=2474"},{"taxonomy":"page_tag","embeddable":true,"href":"https:\/\/www.str2.rw.fau.de\/wp-json\/wp\/v2\/page_tag?post=2474"},{"taxonomy":"workflow_usergroup","embeddable":true,"href":"https:\/\/www.str2.rw.fau.de\/wp-json\/wp\/v2\/workflow_usergroup?post=2474"}],"curies":[{"name":"wp","href":"https:\/\/api.w.org\/{rel}","templated":true}]}}